{"id":84,"date":"2025-11-15T11:36:27","date_gmt":"2025-11-15T11:36:27","guid":{"rendered":"https:\/\/villaelenazaton.com\/?page_id=84"},"modified":"2025-11-20T18:31:42","modified_gmt":"2025-11-20T18:31:42","slug":"naslovna","status":"publish","type":"page","link":"https:\/\/villaelenazaton.com\/de\/","title":{"rendered":"Startseite"},"content":{"rendered":"<div data-elementor-type=\"wp-page\" data-elementor-id=\"84\" class=\"elementor elementor-84\" data-elementor-post-type=\"page\">\n\t\t\t\t\t\t<section class=\"elementor-section elementor-top-section elementor-element elementor-element-22e48ecc elementor-section-height-min-height elementor-section-items-stretch elementor-section-boxed elementor-section-height-default\" data-id=\"22e48ecc\" data-element_type=\"section\" data-e-type=\"section\" data-settings=\"{&quot;background_background&quot;:&quot;slideshow&quot;,&quot;background_slideshow_gallery&quot;:[{&quot;id&quot;:127,&quot;url&quot;:&quot;https:\\\/\\\/villaelenazaton.com\\\/wp-content\\\/uploads\\\/2025\\\/11\\\/Untitled-design-3_result.webp&quot;},{&quot;id&quot;:128,&quot;url&quot;:&quot;https:\\\/\\\/villaelenazaton.com\\\/wp-content\\\/uploads\\\/2025\\\/11\\\/Untitled-design-2_result.webp&quot;},{&quot;id&quot;:129,&quot;url&quot;:&quot;https:\\\/\\\/villaelenazaton.com\\\/wp-content\\\/uploads\\\/2025\\\/11\\\/Untitled-design-1_result.webp&quot;}],&quot;background_slideshow_transition_duration&quot;:1500,&quot;background_slideshow_ken_burns&quot;:&quot;yes&quot;,&quot;background_slideshow_loop&quot;:&quot;yes&quot;,&quot;background_slideshow_slide_duration&quot;:5000,&quot;background_slideshow_slide_transition&quot;:&quot;fade&quot;,&quot;background_slideshow_ken_burns_zoom_direction&quot;:&quot;in&quot;}\">\n\t\t\t\t\t\t\t<div class=\"elementor-background-overlay\"><\/div>\n\t\t\t\t\t\t\t<div class=\"elementor-container elementor-column-gap-default\">\n\t\t\t\t\t<div class=\"elementor-column elementor-col-50 elementor-top-column elementor-element elementor-element-28fb0484\" data-id=\"28fb0484\" data-element_type=\"column\" data-e-type=\"column\">\n\t\t\t<div class=\"elementor-widget-wrap elementor-element-populated\">\n\t\t\t\t\t\t<div class=\"elementor-element elementor-element-29390a4e elementor-widget elementor-widget-heading\" data-id=\"29390a4e\" data-element_type=\"widget\" data-e-type=\"widget\" data-widget_type=\"heading.default\">\n\t\t\t\t\t<h6 class=\"elementor-heading-title elementor-size-default\">Villa Elena<\/h6>\t\t\t\t<\/div>\n\t\t\t\t<div class=\"elementor-element elementor-element-4e1b3b52 elementor-widget elementor-widget-heading\" data-id=\"4e1b3b52\" data-element_type=\"widget\" data-e-type=\"widget\" data-widget_type=\"heading.default\">\n\t\t\t\t\t<h1 class=\"elementor-heading-title elementor-size-default\">Ein Ort, an dem sich das Meer mit absoluter Ruhe verbindet<\/h1>\t\t\t\t<\/div>\n\t\t\t\t<div class=\"elementor-element elementor-element-79f013f5 elementor-widget elementor-widget-text-editor\" data-id=\"79f013f5\" data-element_type=\"widget\" data-e-type=\"widget\" data-widget_type=\"text-editor.default\">\n\t\t\t\t\t\t\t\t\t<p>Gro\u00dfz\u00fcgige Terrassen, moderne Innenr\u00e4ume und ein beruhigender Ausblick machen diese Villa zur idealen Wahl f\u00fcr einen Familienurlaub oder eine Auszeit zu zweit. Jedes Detail wurde so gestaltet, dass Ihr Aufenthalt angenehm und sorglos wird \u2013 mit einem Hauch dezenten Luxus.<\/p>\t\t\t\t\t\t\t\t<\/div>\n\t\t\t\t<div class=\"elementor-element elementor-element-241a8928 elementor-align-left elementor-widget elementor-widget-button\" data-id=\"241a8928\" data-element_type=\"widget\" data-e-type=\"widget\" data-widget_type=\"button.default\">\n\t\t\t\t\t\t\t\t\t\t<a class=\"elementor-button elementor-button-link elementor-size-sm\" href=\"https:\/\/villaelenazaton.com\/de\/smjestaj\/#sadr\u017e\">\n\t\t\t\t\t\t<span class=\"elementor-button-content-wrapper\">\n\t\t\t\t\t\t\t\t\t<span class=\"elementor-button-text\">Mehr erfahren<\/span>\n\t\t\t\t\t<\/span>\n\t\t\t\t\t<\/a>\n\t\t\t\t\t\t\t\t<\/div>\n\t\t\t\t\t<\/div>\n\t\t<\/div>\n\t\t\t\t<div class=\"elementor-column elementor-col-50 elementor-top-column elementor-element elementor-element-2c7f0b3 elementor-hidden-tablet elementor-hidden-mobile\" data-id=\"2c7f0b3\" data-element_type=\"column\" data-e-type=\"column\">\n\t\t\t<div class=\"elementor-widget-wrap\">\n\t\t\t\t\t\t\t<\/div>\n\t\t<\/div>\n\t\t\t\t\t<\/div>\n\t\t<\/section>\n\t\t\t\t<section class=\"elementor-section elementor-top-section elementor-element elementor-element-798449ee elementor-section-boxed elementor-section-height-default elementor-section-height-default\" data-id=\"798449ee\" data-element_type=\"section\" data-e-type=\"section\" data-settings=\"{&quot;background_background&quot;:&quot;classic&quot;}\">\n\t\t\t\t\t\t\t<div class=\"elementor-background-overlay\"><\/div>\n\t\t\t\t\t\t\t<div class=\"elementor-container elementor-column-gap-default\">\n\t\t\t\t\t<div class=\"elementor-column elementor-col-50 elementor-top-column elementor-element elementor-element-11fa7209\" data-id=\"11fa7209\" data-element_type=\"column\" data-e-type=\"column\">\n\t\t\t<div class=\"elementor-widget-wrap elementor-element-populated\">\n\t\t\t\t\t\t<div class=\"elementor-element elementor-element-316fb002 elementor-widget elementor-widget-heading\" data-id=\"316fb002\" data-element_type=\"widget\" data-e-type=\"widget\" data-widget_type=\"heading.default\">\n\t\t\t\t\t<h6 class=\"elementor-heading-title elementor-size-default\">Willkommen in der Villa Elena<\/h6>\t\t\t\t<\/div>\n\t\t\t\t<div class=\"elementor-element elementor-element-67398267 elementor-widget elementor-widget-heading\" data-id=\"67398267\" data-element_type=\"widget\" data-e-type=\"widget\" data-widget_type=\"heading.default\">\n\t\t\t\t\t<h2 class=\"elementor-heading-title elementor-size-default\">Ihr mediterraner Ruhepunkt<\/h2>\t\t\t\t<\/div>\n\t\t\t\t<div class=\"elementor-element elementor-element-5c1c13db elementor-widget elementor-widget-text-editor\" data-id=\"5c1c13db\" data-element_type=\"widget\" data-e-type=\"widget\" data-widget_type=\"text-editor.default\">\n\t\t\t\t\t\t\t\t\t<p>Die Villa Elena wurde f\u00fcr all jene geschaffen, die Ruhe, Komfort und einen Hauch mediterranen Luxus suchen. Ger\u00e4umige Zimmer mit eigenen Badezimmern, viel Tageslicht und eine Terrasse mit Ausblick schaffen einen Ort, an dem das Urlaubsgef\u00fchl sofort einsetzt. Alles ist modern, ordentlich und durchdacht \u2013 genau so, wie man sich einen Aufenthalt am Meer w\u00fcnscht.<\/p>\t\t\t\t\t\t\t\t<\/div>\n\t\t\t\t<div class=\"elementor-element elementor-element-96de90a elementor-widget elementor-widget-button\" data-id=\"96de90a\" data-element_type=\"widget\" data-e-type=\"widget\" data-widget_type=\"button.default\">\n\t\t\t\t\t\t\t\t\t\t<a class=\"elementor-button elementor-button-link elementor-size-sm\" href=\"https:\/\/villaelenazaton.com\/de\/smjestaj\/#prostor\">\n\t\t\t\t\t\t<span class=\"elementor-button-content-wrapper\">\n\t\t\t\t\t\t\t\t\t<span class=\"elementor-button-text\">Zimmer ansehen<\/span>\n\t\t\t\t\t<\/span>\n\t\t\t\t\t<\/a>\n\t\t\t\t\t\t\t\t<\/div>\n\t\t\t\t\t<\/div>\n\t\t<\/div>\n\t\t\t\t<div class=\"elementor-column elementor-col-50 elementor-top-column elementor-element elementor-element-2b6e9f9c\" data-id=\"2b6e9f9c\" data-element_type=\"column\" data-e-type=\"column\">\n\t\t\t<div class=\"elementor-widget-wrap elementor-element-populated\">\n\t\t\t\t\t\t<section class=\"elementor-section elementor-inner-section elementor-element elementor-element-57252621 elementor-section-boxed elementor-section-height-default elementor-section-height-default\" data-id=\"57252621\" data-element_type=\"section\" data-e-type=\"section\">\n\t\t\t\t\t\t<div class=\"elementor-container elementor-column-gap-no\">\n\t\t\t\t\t<div class=\"elementor-column elementor-col-100 elementor-inner-column elementor-element elementor-element-6d0c9928\" data-id=\"6d0c9928\" data-element_type=\"column\" data-e-type=\"column\">\n\t\t\t<div class=\"elementor-widget-wrap\">\n\t\t\t\t\t\t\t<\/div>\n\t\t<\/div>\n\t\t\t\t\t<\/div>\n\t\t<\/section>\n\t\t\t\t\t<\/div>\n\t\t<\/div>\n\t\t\t\t\t<\/div>\n\t\t<\/section>\n\t\t\t\t<section class=\"elementor-section elementor-top-section elementor-element elementor-element-469e2f80 elementor-section-boxed elementor-section-height-default elementor-section-height-default\" data-id=\"469e2f80\" data-element_type=\"section\" data-e-type=\"section\" data-settings=\"{&quot;background_background&quot;:&quot;classic&quot;}\">\n\t\t\t\t\t\t\t<div class=\"elementor-background-overlay\"><\/div>\n\t\t\t\t\t\t\t<div class=\"elementor-container elementor-column-gap-default\">\n\t\t\t\t\t<div class=\"elementor-column elementor-col-100 elementor-top-column elementor-element elementor-element-2de9a0d9\" data-id=\"2de9a0d9\" data-element_type=\"column\" data-e-type=\"column\">\n\t\t\t<div class=\"elementor-widget-wrap elementor-element-populated\">\n\t\t\t\t\t\t<div class=\"elementor-element elementor-element-6dc29685 elementor-hidden-tablet elementor-hidden-mobile elementor-widget elementor-widget-spacer\" data-id=\"6dc29685\" data-element_type=\"widget\" data-e-type=\"widget\" data-widget_type=\"spacer.default\">\n\t\t\t\t\t\t\t<div class=\"elementor-spacer\">\n\t\t\t<div class=\"elementor-spacer-inner\"><\/div>\n\t\t<\/div>\n\t\t\t\t\t\t<\/div>\n\t\t\t\t<section class=\"elementor-section elementor-inner-section elementor-element elementor-element-58e26ea1 elementor-section-boxed elementor-section-height-default elementor-section-height-default\" data-id=\"58e26ea1\" data-element_type=\"section\" data-e-type=\"section\">\n\t\t\t\t\t\t<div class=\"elementor-container elementor-column-gap-default\">\n\t\t\t\t\t<div class=\"elementor-column elementor-col-100 elementor-inner-column elementor-element elementor-element-6f6cddea\" data-id=\"6f6cddea\" data-element_type=\"column\" data-e-type=\"column\" data-settings=\"{&quot;background_background&quot;:&quot;classic&quot;}\">\n\t\t\t<div class=\"elementor-widget-wrap elementor-element-populated\">\n\t\t\t\t\t<div class=\"elementor-background-overlay\"><\/div>\n\t\t\t\t\t\t<div class=\"elementor-element elementor-element-f2908cd elementor-widget elementor-widget-heading\" data-id=\"f2908cd\" data-element_type=\"widget\" data-e-type=\"widget\" data-widget_type=\"heading.default\">\n\t\t\t\t\t<h2 class=\"elementor-heading-title elementor-size-default\">Was ist in der N\u00e4he<\/h2>\t\t\t\t<\/div>\n\t\t\t\t<div class=\"elementor-element elementor-element-5b8f8b00 elementor-widget elementor-widget-text-editor\" data-id=\"5b8f8b00\" data-element_type=\"widget\" data-e-type=\"widget\" data-widget_type=\"text-editor.default\">\n\t\t\t\t\t\t\t\t\t<p>In der N\u00e4he der Villa Elena befinden sich einige der sch\u00f6nsten historischen und nat\u00fcrlichen Sehensw\u00fcrdigkeiten Norddalmatiens.<\/p>\t\t\t\t\t\t\t\t<\/div>\n\t\t\t\t<div class=\"elementor-element elementor-element-1b21c4aa elementor-widget-divider--view-line elementor-widget elementor-widget-divider\" data-id=\"1b21c4aa\" data-element_type=\"widget\" data-e-type=\"widget\" data-widget_type=\"divider.default\">\n\t\t\t\t\t\t\t<div class=\"elementor-divider\">\n\t\t\t<span class=\"elementor-divider-separator\">\n\t\t\t\t\t\t<\/span>\n\t\t<\/div>\n\t\t\t\t\t\t<\/div>\n\t\t\t\t<div class=\"elementor-element elementor-element-149bbd3a elementor-mobile-position-inline-start elementor-widget__width-auto elementor-view-default elementor-position-block-start elementor-widget elementor-widget-icon-box\" data-id=\"149bbd3a\" data-element_type=\"widget\" data-e-type=\"widget\" data-widget_type=\"icon-box.default\">\n\t\t\t\t\t\t\t<div class=\"elementor-icon-box-wrapper\">\n\n\t\t\t\t\t\t<div class=\"elementor-icon-box-icon\">\n\t\t\t\t<span  class=\"elementor-icon\">\n\t\t\t\t<i aria-hidden=\"true\" class=\"icon icon-compass\"><\/i>\t\t\t\t<\/span>\n\t\t\t<\/div>\n\t\t\t\n\t\t\t\t\t\t<div class=\"elementor-icon-box-content\">\n\n\t\t\t\t\t\t\t\t\t<h5 class=\"elementor-icon-box-title\">\n\t\t\t\t\t\t<span  >\n\t\t\t\t\t\t\tUmgebung erkunden\t\t\t\t\t\t<\/span>\n\t\t\t\t\t<\/h5>\n\t\t\t\t\n\t\t\t\t\n\t\t\t<\/div>\n\t\t\t\n\t\t<\/div>\n\t\t\t\t\t\t<\/div>\n\t\t\t\t<div class=\"elementor-element elementor-element-49e56da4 elementor-mobile-position-inline-start elementor-widget__width-auto elementor-view-default elementor-position-block-start elementor-widget elementor-widget-icon-box\" data-id=\"49e56da4\" data-element_type=\"widget\" data-e-type=\"widget\" data-widget_type=\"icon-box.default\">\n\t\t\t\t\t\t\t<div class=\"elementor-icon-box-wrapper\">\n\n\t\t\t\t\t\t<div class=\"elementor-icon-box-icon\">\n\t\t\t\t<span  class=\"elementor-icon\">\n\t\t\t\t<i aria-hidden=\"true\" class=\"icon icon-star\"><\/i>\t\t\t\t<\/span>\n\t\t\t<\/div>\n\t\t\t\n\t\t\t\t\t\t<div class=\"elementor-icon-box-content\">\n\n\t\t\t\t\t\t\t\t\t<h5 class=\"elementor-icon-box-title\">\n\t\t\t\t\t\t<span  >\n\t\t\t\t\t\t\tKomfort genie\u00dfen\t\t\t\t\t\t<\/span>\n\t\t\t\t\t<\/h5>\n\t\t\t\t\n\t\t\t\t\n\t\t\t<\/div>\n\t\t\t\n\t\t<\/div>\n\t\t\t\t\t\t<\/div>\n\t\t\t\t<div class=\"elementor-element elementor-element-35dc4405 elementor-mobile-position-inline-start elementor-widget__width-initial elementor-view-default elementor-position-block-start elementor-widget elementor-widget-icon-box\" data-id=\"35dc4405\" data-element_type=\"widget\" data-e-type=\"widget\" data-widget_type=\"icon-box.default\">\n\t\t\t\t\t\t\t<div class=\"elementor-icon-box-wrapper\">\n\n\t\t\t\t\t\t<div class=\"elementor-icon-box-icon\">\n\t\t\t\t<span  class=\"elementor-icon\">\n\t\t\t\t<i aria-hidden=\"true\" class=\"icon icon-sticky-note\"><\/i>\t\t\t\t<\/span>\n\t\t\t<\/div>\n\t\t\t\n\t\t\t\t\t\t<div class=\"elementor-icon-box-content\">\n\n\t\t\t\t\t\t\t\t\t<h5 class=\"elementor-icon-box-title\">\n\t\t\t\t\t\t<span  >\n\t\t\t\t\t\t\tAktivit\u00e4ten planen\t\t\t\t\t\t<\/span>\n\t\t\t\t\t<\/h5>\n\t\t\t\t\n\t\t\t\t\n\t\t\t<\/div>\n\t\t\t\n\t\t<\/div>\n\t\t\t\t\t\t<\/div>\n\t\t\t\t\t<\/div>\n\t\t<\/div>\n\t\t\t\t\t<\/div>\n\t\t<\/section>\n\t\t\t\t\t<\/div>\n\t\t<\/div>\n\t\t\t\t\t<\/div>\n\t\t<\/section>\n\t\t\t\t<section class=\"elementor-section elementor-top-section elementor-element elementor-element-76a0ed8e elementor-section-boxed elementor-section-height-default elementor-section-height-default\" data-id=\"76a0ed8e\" data-element_type=\"section\" data-e-type=\"section\">\n\t\t\t\t\t\t<div class=\"elementor-container elementor-column-gap-default\">\n\t\t\t\t\t<div class=\"elementor-column elementor-col-50 elementor-top-column elementor-element elementor-element-7a1d9f01\" data-id=\"7a1d9f01\" data-element_type=\"column\" data-e-type=\"column\">\n\t\t\t<div class=\"elementor-widget-wrap elementor-element-populated\">\n\t\t\t\t\t\t<div class=\"elementor-element elementor-element-b502b1a elementor-widget elementor-widget-heading\" data-id=\"b502b1a\" data-element_type=\"widget\" data-e-type=\"widget\" data-widget_type=\"heading.default\">\n\t\t\t\t\t<h6 class=\"elementor-heading-title elementor-size-default\">FAQ<\/h6>\t\t\t\t<\/div>\n\t\t\t\t<div class=\"elementor-element elementor-element-6ed456aa elementor-widget elementor-widget-heading\" data-id=\"6ed456aa\" data-element_type=\"widget\" data-e-type=\"widget\" data-widget_type=\"heading.default\">\n\t\t\t\t\t<h2 class=\"elementor-heading-title elementor-size-default\">H\u00e4ufig gestellte Fragen <\/h2>\t\t\t\t<\/div>\n\t\t\t\t<div class=\"elementor-element elementor-element-713c96f2 elementor-widget elementor-widget-elementskit-accordion\" data-id=\"713c96f2\" data-element_type=\"widget\" data-e-type=\"widget\" data-widget_type=\"elementskit-accordion.default\">\n\t\t\t\t\t<div class=\"ekit-wid-con\" >\n        <div class=\"elementskit-accordion accoedion-primary\" id=\"accordion-6a05fdc2264e8\">\n\n            \n                <div class=\"elementskit-card active\">\n                    <div class=\"elementskit-card-header\" id=\"primaryHeading-0-713c96f2\">\n                        <a href=\"#collapse-7984f4c6a05fdc2264e8\" class=\"ekit-accordion--toggler elementskit-btn-link collapsed\" data-ekit-toggle=\"collapse\" data-target=\"#Collapse-7984f4c6a05fdc2264e8\" aria-expanded=\"true\" aria-controls=\"Collapse-7984f4c6a05fdc2264e8\">\n                                                            <div class=\"ekit_accordion_icon_left_group\">\n                                    <div class=\"ekit_accordion_normal_icon\">\n                                        <!-- Normal Icon -->\n                                        <i class=\"icon icon-down-arrow1\"><\/i>                                    <\/div>\n\n                                    <div class=\"ekit_accordion_active_icon\">\n                                        <!-- Active Icon -->\n\t\t\t\t\t\t\t\t\t\t<i class=\"icon icon-up-arrow1\"><\/i>                                    <\/div>\n                                <\/div>\n\n                            \n                            <span class=\"ekit-accordion-title\">Wie viele Personen k\u00f6nnen in der Villa Elena \u00fcbernachten?<\/span>\n\n                            \n                                                    <\/a>\n                    <\/div>\n\n                    <div id=\"Collapse-7984f4c6a05fdc2264e8\" class=\"show collapse\" aria-labelledby=\"primaryHeading-0-713c96f2\" data-parent=\"#accordion-6a05fdc2264e8\">\n\n                        <div class=\"elementskit-card-body ekit-accordion--content\">\n                            <p>Die Villa bietet Platz f\u00fcr bis zu 10 Personen \u2013 vier Schlafzimmer mit eigenen Badezimmern, ein Schlafsofa im Wohnzimmer sowie alle Annehmlichkeiten f\u00fcr einen komfortablen Aufenthalt von Familien oder Gruppen.<\/p>                        <\/div>\n\n                    <\/div>\n\n                <\/div><!-- .elementskit-card END -->\n\n                \n                <div class=\"elementskit-card\">\n                    <div class=\"elementskit-card-header\" id=\"primaryHeading-1-713c96f2\">\n                        <a href=\"#collapse-782e7866a05fdc2264e8\" class=\"ekit-accordion--toggler elementskit-btn-link collapsed\" data-ekit-toggle=\"collapse\" data-target=\"#Collapse-782e7866a05fdc2264e8\" aria-expanded=\"false\" aria-controls=\"Collapse-782e7866a05fdc2264e8\">\n                                                            <div class=\"ekit_accordion_icon_left_group\">\n                                    <div class=\"ekit_accordion_normal_icon\">\n                                        <!-- Normal Icon -->\n                                        <i class=\"icon icon-down-arrow1\"><\/i>                                    <\/div>\n\n                                    <div class=\"ekit_accordion_active_icon\">\n                                        <!-- Active Icon -->\n\t\t\t\t\t\t\t\t\t\t<i class=\"icon icon-up-arrow1\"><\/i>                                    <\/div>\n                                <\/div>\n\n                            \n                            <span class=\"ekit-accordion-title\">Sind Haustiere erlaubt und gibt es einen beheizten Pool?<\/span>\n\n                            \n                                                    <\/a>\n                    <\/div>\n\n                    <div id=\"Collapse-782e7866a05fdc2264e8\" class=\"collapse\" aria-labelledby=\"primaryHeading-1-713c96f2\" data-parent=\"#accordion-6a05fdc2264e8\">\n\n                        <div class=\"elementskit-card-body ekit-accordion--content\">\n                            <p>Ja, Haustiere sind mit vorheriger Ank\u00fcndigung erlaubt, und die Villa verf\u00fcgt \u00fcber einen beheizten Au\u00dfenpool sowie einen zus\u00e4tzlichen Pool auf der Dachterrasse \u2013 ideal zum Entspannen zu jeder Zeit.<\/p>                        <\/div>\n\n                    <\/div>\n\n                <\/div><!-- .elementskit-card END -->\n\n                \n                <div class=\"elementskit-card\">\n                    <div class=\"elementskit-card-header\" id=\"primaryHeading-2-713c96f2\">\n                        <a href=\"#collapse-0d032416a05fdc2264e8\" class=\"ekit-accordion--toggler elementskit-btn-link collapsed\" data-ekit-toggle=\"collapse\" data-target=\"#Collapse-0d032416a05fdc2264e8\" aria-expanded=\"false\" aria-controls=\"Collapse-0d032416a05fdc2264e8\">\n                                                            <div class=\"ekit_accordion_icon_left_group\">\n                                    <div class=\"ekit_accordion_normal_icon\">\n                                        <!-- Normal Icon -->\n                                        <i class=\"icon icon-down-arrow1\"><\/i>                                    <\/div>\n\n                                    <div class=\"ekit_accordion_active_icon\">\n                                        <!-- Active Icon -->\n\t\t\t\t\t\t\t\t\t\t<i class=\"icon icon-up-arrow1\"><\/i>                                    <\/div>\n                                <\/div>\n\n                            \n                            <span class=\"ekit-accordion-title\">Wie weit ist die Villa vom Strand und von Restaurants entfernt?<\/span>\n\n                            \n                                                    <\/a>\n                    <\/div>\n\n                    <div id=\"Collapse-0d032416a05fdc2264e8\" class=\"collapse\" aria-labelledby=\"primaryHeading-2-713c96f2\" data-parent=\"#accordion-6a05fdc2264e8\">\n\n                        <div class=\"elementskit-card-body ekit-accordion--content\">\n                            <p>Die Villa befindet sich in einer ruhigen Gegend in Zaton, nur etwa 400 m vom Strand und von Restaurants entfernt, was einen kurzen Spaziergang zum Meer und entspannte Abende in den umliegenden Lokalen erm\u00f6glicht.<\/p>                        <\/div>\n\n                    <\/div>\n\n                <\/div><!-- .elementskit-card END -->\n\n                                        <\/div>\n    <\/div>\t\t\t\t<\/div>\n\t\t\t\t\t<\/div>\n\t\t<\/div>\n\t\t\t\t<div class=\"elementor-column elementor-col-50 elementor-top-column elementor-element elementor-element-1450295\" data-id=\"1450295\" data-element_type=\"column\" data-e-type=\"column\">\n\t\t\t<div class=\"elementor-widget-wrap elementor-element-populated\">\n\t\t\t\t\t\t<div class=\"elementor-element elementor-element-48f1f5d elementor-widget elementor-widget-image\" data-id=\"48f1f5d\" data-element_type=\"widget\" data-e-type=\"widget\" data-widget_type=\"image.default\">\n\t\t\t\t\t\t\t\t\t\t\t\t\t\t\t<img fetchpriority=\"high\" decoding=\"async\" width=\"800\" height=\"450\" src=\"https:\/\/villaelenazaton.com\/wp-content\/uploads\/2025\/11\/Untitled-design-5_result-1-1024x576.webp\" class=\"attachment-large size-large wp-image-901\" alt=\"\" srcset=\"https:\/\/villaelenazaton.com\/wp-content\/uploads\/2025\/11\/Untitled-design-5_result-1-1024x576.webp 1024w, https:\/\/villaelenazaton.com\/wp-content\/uploads\/2025\/11\/Untitled-design-5_result-1-300x169.webp 300w, https:\/\/villaelenazaton.com\/wp-content\/uploads\/2025\/11\/Untitled-design-5_result-1-768x432.webp 768w, https:\/\/villaelenazaton.com\/wp-content\/uploads\/2025\/11\/Untitled-design-5_result-1-1536x864.webp 1536w, https:\/\/villaelenazaton.com\/wp-content\/uploads\/2025\/11\/Untitled-design-5_result-1.webp 1920w\" sizes=\"(max-width: 800px) 100vw, 800px\" \/>\t\t\t\t\t\t\t\t\t\t\t\t\t\t\t<\/div>\n\t\t\t\t\t<\/div>\n\t\t<\/div>\n\t\t\t\t\t<\/div>\n\t\t<\/section>\n\t\t\t\t<\/div>","protected":false},"excerpt":{"rendered":"<p>Villa Elena Mjesto gdje se more spaja s potpunim mirom Prostrane terase, suvremeni interijeri i pogled koji smiruje \u010dine ovu vilu idealnim izborom za obiteljski odmor ili bijeg u dvoje. Svaki detalj osmi\u0161ljen je kako bi boravak bio lagodan i bezbri\u017ean, uz dozu diskretnog luksuza. Saznaj vi\u0161e Dobrodo\u0161li u Villu Elena Va\u0161 mediteranski kutak mira [&hellip;]<\/p>","protected":false},"author":1,"featured_media":0,"parent":0,"menu_order":0,"comment_status":"closed","ping_status":"closed","template":"elementor_header_footer","meta":{"footnotes":""},"class_list":["post-84","page","type-page","status-publish","hentry"],"_hostinger_reach_plugin_has_subscription_block":false,"_hostinger_reach_plugin_is_elementor":false,"_links":{"self":[{"href":"https:\/\/villaelenazaton.com\/de\/wp-json\/wp\/v2\/pages\/84","targetHints":{"allow":["GET"]}}],"collection":[{"href":"https:\/\/villaelenazaton.com\/de\/wp-json\/wp\/v2\/pages"}],"about":[{"href":"https:\/\/villaelenazaton.com\/de\/wp-json\/wp\/v2\/types\/page"}],"author":[{"embeddable":true,"href":"https:\/\/villaelenazaton.com\/de\/wp-json\/wp\/v2\/users\/1"}],"replies":[{"embeddable":true,"href":"https:\/\/villaelenazaton.com\/de\/wp-json\/wp\/v2\/comments?post=84"}],"version-history":[{"count":154,"href":"https:\/\/villaelenazaton.com\/de\/wp-json\/wp\/v2\/pages\/84\/revisions"}],"predecessor-version":[{"id":904,"href":"https:\/\/villaelenazaton.com\/de\/wp-json\/wp\/v2\/pages\/84\/revisions\/904"}],"wp:attachment":[{"href":"https:\/\/villaelenazaton.com\/de\/wp-json\/wp\/v2\/media?parent=84"}],"curies":[{"name":"wp","href":"https:\/\/api.w.org\/{rel}","templated":true}]}}