{"id":98,"date":"2025-11-15T11:59:57","date_gmt":"2025-11-15T11:59:57","guid":{"rendered":"https:\/\/villaelenazaton.com\/?page_id=98"},"modified":"2025-11-20T18:17:07","modified_gmt":"2025-11-20T18:17:07","slug":"o-nama","status":"publish","type":"page","link":"https:\/\/villaelenazaton.com\/de\/o-nama\/","title":{"rendered":"\u00dcber uns"},"content":{"rendered":"<div data-elementor-type=\"wp-page\" data-elementor-id=\"98\" class=\"elementor elementor-98\" data-elementor-post-type=\"page\">\n\t\t\t\t\t\t<section class=\"elementor-section elementor-top-section elementor-element elementor-element-4be92b97 elementor-section-height-min-height elementor-section-boxed elementor-section-height-default elementor-section-items-middle\" data-id=\"4be92b97\" data-element_type=\"section\" data-e-type=\"section\" data-settings=\"{&quot;background_background&quot;:&quot;classic&quot;}\">\n\t\t\t\t\t\t\t<div class=\"elementor-background-overlay\"><\/div>\n\t\t\t\t\t\t\t<div class=\"elementor-container elementor-column-gap-default\">\n\t\t\t\t\t<div class=\"elementor-column elementor-col-100 elementor-top-column elementor-element elementor-element-155d022f\" data-id=\"155d022f\" data-element_type=\"column\" data-e-type=\"column\" data-settings=\"{&quot;background_background&quot;:&quot;classic&quot;}\">\n\t\t\t<div class=\"elementor-widget-wrap elementor-element-populated\">\n\t\t\t\t\t\t<div class=\"elementor-element elementor-element-256637a4 elementor-widget elementor-widget-heading\" data-id=\"256637a4\" data-element_type=\"widget\" data-e-type=\"widget\" data-widget_type=\"heading.default\">\n\t\t\t\t\t<h2 class=\"elementor-heading-title elementor-size-default\">\u00dcber uns<\/h2>\t\t\t\t<\/div>\n\t\t\t\t<div class=\"elementor-element elementor-element-1fb23efe elementor-widget elementor-widget-text-editor\" data-id=\"1fb23efe\" data-element_type=\"widget\" data-e-type=\"widget\" data-widget_type=\"text-editor.default\">\n\t\t\t\t\t\t\t\t\t<p><a href=\"#\">Startseite<\/a> &gt; \u00dcber uns<\/p>\t\t\t\t\t\t\t\t<\/div>\n\t\t\t\t\t<\/div>\n\t\t<\/div>\n\t\t\t\t\t<\/div>\n\t\t<\/section>\n\t\t\t\t<section class=\"elementor-section elementor-top-section elementor-element elementor-element-17c983bf elementor-section-boxed elementor-section-height-default elementor-section-height-default\" data-id=\"17c983bf\" data-element_type=\"section\" data-e-type=\"section\">\n\t\t\t\t\t\t<div class=\"elementor-container elementor-column-gap-default\">\n\t\t\t\t\t<div class=\"elementor-column elementor-col-50 elementor-top-column elementor-element elementor-element-496bead3\" data-id=\"496bead3\" data-element_type=\"column\" data-e-type=\"column\">\n\t\t\t<div class=\"elementor-widget-wrap elementor-element-populated\">\n\t\t\t\t\t\t<section class=\"elementor-section elementor-inner-section elementor-element elementor-element-63fafaea elementor-section-boxed elementor-section-height-default elementor-section-height-default\" data-id=\"63fafaea\" data-element_type=\"section\" data-e-type=\"section\">\n\t\t\t\t\t\t<div class=\"elementor-container elementor-column-gap-default\">\n\t\t\t\t\t<div class=\"elementor-column elementor-col-100 elementor-inner-column elementor-element elementor-element-6bff6139\" data-id=\"6bff6139\" data-element_type=\"column\" data-e-type=\"column\" data-settings=\"{&quot;background_background&quot;:&quot;classic&quot;}\">\n\t\t\t<div class=\"elementor-widget-wrap elementor-element-populated\">\n\t\t\t\t\t<div class=\"elementor-background-overlay\"><\/div>\n\t\t\t\t\t\t<div class=\"elementor-element elementor-element-5dafeb85 elementor-widget__width-auto elementor-widget elementor-widget-counter\" data-id=\"5dafeb85\" data-element_type=\"widget\" data-e-type=\"widget\" data-widget_type=\"counter.default\">\n\t\t\t\t\t\t\t<div class=\"elementor-counter\">\n\t\t\t\t\t\t<div class=\"elementor-counter-number-wrapper\">\n\t\t\t\t<span class=\"elementor-counter-number-prefix\"><\/span>\n\t\t\t\t<span class=\"elementor-counter-number\" data-duration=\"2000\" data-to-value=\"5\" data-from-value=\"0\" data-delimiter=\",\">0<\/span>\n\t\t\t\t<span class=\"elementor-counter-number-suffix\">+<\/span>\n\t\t\t<\/div>\n\t\t<\/div>\n\t\t\t\t\t\t<\/div>\n\t\t\t\t<div class=\"elementor-element elementor-element-217eb5de elementor-widget elementor-widget-heading\" data-id=\"217eb5de\" data-element_type=\"widget\" data-e-type=\"widget\" data-widget_type=\"heading.default\">\n\t\t\t\t\t<h5 class=\"elementor-heading-title elementor-size-default\">Godina iskustva<\/h5>\t\t\t\t<\/div>\n\t\t\t\t\t<\/div>\n\t\t<\/div>\n\t\t\t\t\t<\/div>\n\t\t<\/section>\n\t\t\t\t<div class=\"elementor-element elementor-element-5df43a91 elementor-widget elementor-widget-image\" data-id=\"5df43a91\" data-element_type=\"widget\" data-e-type=\"widget\" data-widget_type=\"image.default\">\n\t\t\t\t\t\t\t\t\t\t\t\t\t\t\t<img fetchpriority=\"high\" decoding=\"async\" width=\"1000\" height=\"1000\" src=\"https:\/\/villaelenazaton.com\/wp-content\/uploads\/2025\/11\/Sanacija-betona-23_result.webp\" class=\"attachment-full size-full wp-image-508\" alt=\"\" srcset=\"https:\/\/villaelenazaton.com\/wp-content\/uploads\/2025\/11\/Sanacija-betona-23_result.webp 1000w, https:\/\/villaelenazaton.com\/wp-content\/uploads\/2025\/11\/Sanacija-betona-23_result-300x300.webp 300w, https:\/\/villaelenazaton.com\/wp-content\/uploads\/2025\/11\/Sanacija-betona-23_result-150x150.webp 150w, https:\/\/villaelenazaton.com\/wp-content\/uploads\/2025\/11\/Sanacija-betona-23_result-768x768.webp 768w\" sizes=\"(max-width: 1000px) 100vw, 1000px\" \/>\t\t\t\t\t\t\t\t\t\t\t\t\t\t\t<\/div>\n\t\t\t\t<div class=\"elementor-element elementor-element-1d994350 elementor-widget elementor-widget-image\" data-id=\"1d994350\" data-element_type=\"widget\" data-e-type=\"widget\" data-widget_type=\"image.default\">\n\t\t\t\t\t\t\t\t\t\t\t\t\t\t\t<img decoding=\"async\" width=\"1920\" height=\"1080\" src=\"https:\/\/villaelenazaton.com\/wp-content\/uploads\/2025\/11\/Untitled-design-28_result-1.webp\" class=\"attachment-full size-full wp-image-507\" alt=\"\" srcset=\"https:\/\/villaelenazaton.com\/wp-content\/uploads\/2025\/11\/Untitled-design-28_result-1.webp 1920w, https:\/\/villaelenazaton.com\/wp-content\/uploads\/2025\/11\/Untitled-design-28_result-1-300x169.webp 300w, https:\/\/villaelenazaton.com\/wp-content\/uploads\/2025\/11\/Untitled-design-28_result-1-1024x576.webp 1024w, https:\/\/villaelenazaton.com\/wp-content\/uploads\/2025\/11\/Untitled-design-28_result-1-768x432.webp 768w, https:\/\/villaelenazaton.com\/wp-content\/uploads\/2025\/11\/Untitled-design-28_result-1-1536x864.webp 1536w\" sizes=\"(max-width: 1920px) 100vw, 1920px\" \/>\t\t\t\t\t\t\t\t\t\t\t\t\t\t\t<\/div>\n\t\t\t\t\t<\/div>\n\t\t<\/div>\n\t\t\t\t<div class=\"elementor-column elementor-col-50 elementor-top-column elementor-element elementor-element-41e1785b\" data-id=\"41e1785b\" data-element_type=\"column\" data-e-type=\"column\">\n\t\t\t<div class=\"elementor-widget-wrap elementor-element-populated\">\n\t\t\t\t\t\t<div class=\"elementor-element elementor-element-517d9307 elementor-widget elementor-widget-heading\" data-id=\"517d9307\" data-element_type=\"widget\" data-e-type=\"widget\" data-widget_type=\"heading.default\">\n\t\t\t\t\t<h6 class=\"elementor-heading-title elementor-size-default\">Wie alles begann<\/h6>\t\t\t\t<\/div>\n\t\t\t\t<div class=\"elementor-element elementor-element-1a00890 elementor-widget elementor-widget-heading\" data-id=\"1a00890\" data-element_type=\"widget\" data-e-type=\"widget\" data-widget_type=\"heading.default\">\n\t\t\t\t\t<h2 class=\"elementor-heading-title elementor-size-default\">Unsere Geschichte<\/h2>\t\t\t\t<\/div>\n\t\t\t\t<div class=\"elementor-element elementor-element-401d8d31 elementor-widget elementor-widget-text-editor\" data-id=\"401d8d31\" data-element_type=\"widget\" data-e-type=\"widget\" data-widget_type=\"text-editor.default\">\n\t\t\t\t\t\t\t\t\t<p>Alles begann mit einer einfachen Idee \u2013 einen Ort zu schaffen, an dem sich Menschen wirklich erholen, entspannen und die Ruhe genie\u00dfen k\u00f6nnen, die Zaton bietet. Als Familie, die am Meer aufgewachsen ist und ihr Leben an der dalmatinischen K\u00fcste verbracht hat, wussten wir schon immer, wie wichtig ein Raum ist, in dem man sich wie zu Hause f\u00fchlt. Im Laufe der Jahre haben wir jedes Detail gestaltet und weiterentwickelt, bis wir eine Villa geschaffen haben, die Komfort, Privatsph\u00e4re und echtes mediterranes Ambiente vereint.<br data-start=\"701\" data-end=\"704\" \/>Heute ist die Villa Elena ein Ort f\u00fcr unvergessliche Momente \u2013 f\u00fcr Familien, Paare und Freunde, die ihren Urlaub ohne Hektik und Sorgen genie\u00dfen m\u00f6chten.<\/p>\t\t\t\t\t\t\t\t<\/div>\n\t\t\t\t<div class=\"elementor-element elementor-element-b8312b0 elementor-widget elementor-widget-icon-box\" data-id=\"b8312b0\" data-element_type=\"widget\" data-e-type=\"widget\" data-widget_type=\"icon-box.default\">\n\t\t\t\t\t\t\t<div class=\"elementor-icon-box-wrapper\">\n\n\t\t\t\n\t\t\t\t\t\t<div class=\"elementor-icon-box-content\">\n\n\t\t\t\t\t\t\t\t\t<h4 class=\"elementor-icon-box-title\">\n\t\t\t\t\t\t<span  >\n\t\t\t\t\t\t\tEinfach und sorglos\t\t\t\t\t\t<\/span>\n\t\t\t\t\t<\/h4>\n\t\t\t\t\n\t\t\t\t\t\t\t\t\t<p class=\"elementor-icon-box-description\">\n\t\t\t\t\t\tAlles ist so organisiert, dass Sie sofort in den Urlaubsmodus wechseln k\u00f6nnen \u2013 ohne Stress und ohne unn\u00f6tige Formalit\u00e4ten. Vom Pool bis zu unseren Ausflugsempfehlungen ist unser Ziel, Ihren Aufenthalt so angenehm und unkompliziert wie m\u00f6glich zu gestalten.\t\t\t\t\t<\/p>\n\t\t\t\t\n\t\t\t<\/div>\n\t\t\t\n\t\t<\/div>\n\t\t\t\t\t\t<\/div>\n\t\t\t\t<div class=\"elementor-element elementor-element-0410391 elementor-widget elementor-widget-icon-box\" data-id=\"0410391\" data-element_type=\"widget\" data-e-type=\"widget\" data-widget_type=\"icon-box.default\">\n\t\t\t\t\t\t\t<div class=\"elementor-icon-box-wrapper\">\n\n\t\t\t\n\t\t\t\t\t\t<div class=\"elementor-icon-box-content\">\n\n\t\t\t\t\t\t\t\t\t<h4 class=\"elementor-icon-box-title\">\n\t\t\t\t\t\t<span  >\n\t\t\t\t\t\t\tZadar ist unser Zuhause\t\t\t\t\t\t<\/span>\n\t\t\t\t\t<\/h4>\n\t\t\t\t\n\t\t\t\t\t\t\t\t\t<p class=\"elementor-icon-box-description\">\n\t\t\t\t\t\tWir leben hier und kennen jede Ecke von Zaton und Nin \u2013 und all unsere Tipps teilen wir gerne mit unseren G\u00e4sten. Es ist uns wichtig, dass Sie sich wohlf\u00fchlen und dass die Villa vorbereitet ist, als w\u00fcrden unsere eigenen Freunde zu Besuch kommen.\t\t\t\t\t<\/p>\n\t\t\t\t\n\t\t\t<\/div>\n\t\t\t\n\t\t<\/div>\n\t\t\t\t\t\t<\/div>\n\t\t\t\t\t<\/div>\n\t\t<\/div>\n\t\t\t\t\t<\/div>\n\t\t<\/section>\n\t\t\t\t<section class=\"elementor-section elementor-top-section elementor-element elementor-element-5a8bb936 elementor-section-height-min-height elementor-section-boxed elementor-section-height-default elementor-section-items-middle\" data-id=\"5a8bb936\" data-element_type=\"section\" data-e-type=\"section\" data-settings=\"{&quot;background_background&quot;:&quot;classic&quot;}\">\n\t\t\t\t\t\t\t<div class=\"elementor-background-overlay\"><\/div>\n\t\t\t\t\t\t\t<div class=\"elementor-container elementor-column-gap-default\">\n\t\t\t\t\t<div class=\"elementor-column elementor-col-100 elementor-top-column elementor-element elementor-element-5dc867af\" data-id=\"5dc867af\" data-element_type=\"column\" data-e-type=\"column\">\n\t\t\t<div class=\"elementor-widget-wrap elementor-element-populated\">\n\t\t\t\t\t\t<div class=\"elementor-element elementor-element-3407db2 elementor-widget elementor-widget-heading\" data-id=\"3407db2\" data-element_type=\"widget\" data-e-type=\"widget\" data-widget_type=\"heading.default\">\n\t\t\t\t\t<h2 class=\"elementor-heading-title elementor-size-default\">Ihr perfekter Urlaub beginnt hier<\/h2>\t\t\t\t<\/div>\n\t\t\t\t<div class=\"elementor-element elementor-element-9d95cdc elementor-align-center elementor-widget__width-auto elementor-widget elementor-widget-button\" data-id=\"9d95cdc\" data-element_type=\"widget\" data-e-type=\"widget\" data-widget_type=\"button.default\">\n\t\t\t\t\t\t\t\t\t\t<a class=\"elementor-button elementor-button-link elementor-size-sm\" href=\"https:\/\/villaelenazaton.com\/de\/kontakt\/#pitanje\">\n\t\t\t\t\t\t<span class=\"elementor-button-content-wrapper\">\n\t\t\t\t\t\t\t\t\t<span class=\"elementor-button-text\">Jetzt buchen <\/span>\n\t\t\t\t\t<\/span>\n\t\t\t\t\t<\/a>\n\t\t\t\t\t\t\t\t<\/div>\n\t\t\t\t\t<\/div>\n\t\t<\/div>\n\t\t\t\t\t<\/div>\n\t\t<\/section>\n\t\t\t\t<section class=\"elementor-section elementor-top-section elementor-element elementor-element-7be51065 elementor-reverse-tablet elementor-reverse-mobile elementor-section-boxed elementor-section-height-default elementor-section-height-default\" data-id=\"7be51065\" data-element_type=\"section\" data-e-type=\"section\">\n\t\t\t\t\t\t<div class=\"elementor-container elementor-column-gap-default\">\n\t\t\t\t\t<div class=\"elementor-column elementor-col-50 elementor-top-column elementor-element elementor-element-1a4f44a3\" data-id=\"1a4f44a3\" data-element_type=\"column\" data-e-type=\"column\">\n\t\t\t<div class=\"elementor-widget-wrap elementor-element-populated\">\n\t\t\t\t\t\t<div class=\"elementor-element elementor-element-2928edfc elementor-widget elementor-widget-heading\" data-id=\"2928edfc\" data-element_type=\"widget\" data-e-type=\"widget\" data-widget_type=\"heading.default\">\n\t\t\t\t\t<h6 class=\"elementor-heading-title elementor-size-default\">Warum uns w\u00e4hlen<\/h6>\t\t\t\t<\/div>\n\t\t\t\t<div class=\"elementor-element elementor-element-7c952552 elementor-widget elementor-widget-heading\" data-id=\"7c952552\" data-element_type=\"widget\" data-e-type=\"widget\" data-widget_type=\"heading.default\">\n\t\t\t\t\t<h2 class=\"elementor-heading-title elementor-size-default\">Vorteile, die uns auszeichnen<\/h2>\t\t\t\t<\/div>\n\t\t\t\t<div class=\"elementor-element elementor-element-10be3631 elementor-widget elementor-widget-text-editor\" data-id=\"10be3631\" data-element_type=\"widget\" data-e-type=\"widget\" data-widget_type=\"text-editor.default\">\n\t\t\t\t\t\t\t\t\t<p data-start=\"706\" data-end=\"826\"><strong data-start=\"706\" data-end=\"826\">Urlaub ohne Eile, Privatsph\u00e4re ohne Kompromisse und Gastgeber, die immer f\u00fcr Sie da sind \u2013 deshalb kommen unsere G\u00e4ste immer wieder zur\u00fcck.<\/strong><\/p>\t\t\t\t\t\t\t\t<\/div>\n\t\t\t\t<div class=\"elementor-element elementor-element-65accbad elementor-widget elementor-widget-text-editor\" data-id=\"65accbad\" data-element_type=\"widget\" data-e-type=\"widget\" data-widget_type=\"text-editor.default\">\n\t\t\t\t\t\t\t\t\t<p data-start=\"188\" data-end=\"524\">In der Villa Elena ist alles auf ein einziges Ziel ausgerichtet: Ihren Urlaub leicht, entspannt und wirklich unvergesslich zu machen. Die Kombination aus Privatsph\u00e4re, moderner Ausstattung und liebevoll gestaltetem Raum macht den Aufenthalt vom ersten Moment an besonders. Dank der ruhigen Lage in Zaton und der N\u00e4he zu den sch\u00f6nsten Str\u00e4nden und Ausflugszielen k\u00f6nnen Sie jeden Tag genau so gestalten, wie Sie es m\u00f6chten.<\/p><p data-start=\"526\" data-end=\"704\">Ob Sie mit Familie, Freunden oder zu zweit anreisen \u2013 hier finden Sie die perfekte Balance aus Ruhe, Komfort und einem Erlebnis, das in der Realit\u00e4t noch besser aussieht als auf den Fotos.<\/p>\t\t\t\t\t\t\t\t<\/div>\n\t\t\t\t<div class=\"elementor-element elementor-element-5c8825a9 elementor-align-left elementor-widget__width-auto elementor-widget elementor-widget-button\" data-id=\"5c8825a9\" data-element_type=\"widget\" data-e-type=\"widget\" data-widget_type=\"button.default\">\n\t\t\t\t\t\t\t\t\t\t<a class=\"elementor-button elementor-button-link elementor-size-sm\" href=\"https:\/\/villaelenazaton.com\/de\/kontakt\/#pitanje\">\n\t\t\t\t\t\t<span class=\"elementor-button-content-wrapper\">\n\t\t\t\t\t\t\t\t\t<span class=\"elementor-button-text\">Jetzt buchen <\/span>\n\t\t\t\t\t<\/span>\n\t\t\t\t\t<\/a>\n\t\t\t\t\t\t\t\t<\/div>\n\t\t\t\t\t<\/div>\n\t\t<\/div>\n\t\t\t\t<div class=\"elementor-column elementor-col-50 elementor-top-column elementor-element elementor-element-4f31ace9\" data-id=\"4f31ace9\" data-element_type=\"column\" data-e-type=\"column\">\n\t\t\t<div class=\"elementor-widget-wrap elementor-element-populated\">\n\t\t\t\t\t\t<div class=\"elementor-element elementor-element-27fb5b56 elementor-widget elementor-widget-image\" data-id=\"27fb5b56\" data-element_type=\"widget\" data-e-type=\"widget\" data-widget_type=\"image.default\">\n\t\t\t\t\t\t\t\t\t\t\t\t\t\t\t<img decoding=\"async\" width=\"1000\" height=\"1000\" src=\"https:\/\/villaelenazaton.com\/wp-content\/uploads\/2025\/11\/Sanacija-betona-27_result.webp\" class=\"attachment-full size-full wp-image-546\" alt=\"\" srcset=\"https:\/\/villaelenazaton.com\/wp-content\/uploads\/2025\/11\/Sanacija-betona-27_result.webp 1000w, https:\/\/villaelenazaton.com\/wp-content\/uploads\/2025\/11\/Sanacija-betona-27_result-300x300.webp 300w, https:\/\/villaelenazaton.com\/wp-content\/uploads\/2025\/11\/Sanacija-betona-27_result-150x150.webp 150w, https:\/\/villaelenazaton.com\/wp-content\/uploads\/2025\/11\/Sanacija-betona-27_result-768x768.webp 768w\" sizes=\"(max-width: 1000px) 100vw, 1000px\" \/>\t\t\t\t\t\t\t\t\t\t\t\t\t\t\t<\/div>\n\t\t\t\t<div class=\"elementor-element elementor-element-9194346 elementor-widget elementor-widget-image\" data-id=\"9194346\" data-element_type=\"widget\" data-e-type=\"widget\" data-widget_type=\"image.default\">\n\t\t\t\t\t\t\t\t\t\t\t\t\t\t\t<img loading=\"lazy\" decoding=\"async\" width=\"1000\" height=\"1000\" src=\"https:\/\/villaelenazaton.com\/wp-content\/uploads\/2025\/11\/Sanacija-betona-24_result.webp\" class=\"attachment-full size-full wp-image-543\" alt=\"\" srcset=\"https:\/\/villaelenazaton.com\/wp-content\/uploads\/2025\/11\/Sanacija-betona-24_result.webp 1000w, https:\/\/villaelenazaton.com\/wp-content\/uploads\/2025\/11\/Sanacija-betona-24_result-300x300.webp 300w, https:\/\/villaelenazaton.com\/wp-content\/uploads\/2025\/11\/Sanacija-betona-24_result-150x150.webp 150w, https:\/\/villaelenazaton.com\/wp-content\/uploads\/2025\/11\/Sanacija-betona-24_result-768x768.webp 768w\" sizes=\"(max-width: 1000px) 100vw, 1000px\" \/>\t\t\t\t\t\t\t\t\t\t\t\t\t\t\t<\/div>\n\t\t\t\t<div class=\"elementor-element elementor-element-23d4383 elementor-widget elementor-widget-image\" data-id=\"23d4383\" data-element_type=\"widget\" data-e-type=\"widget\" data-widget_type=\"image.default\">\n\t\t\t\t\t\t\t\t\t\t\t\t\t\t\t<img loading=\"lazy\" decoding=\"async\" width=\"1000\" height=\"1000\" src=\"https:\/\/villaelenazaton.com\/wp-content\/uploads\/2025\/11\/Sanacija-betona-26_result.webp\" class=\"attachment-full size-full wp-image-544\" alt=\"\" srcset=\"https:\/\/villaelenazaton.com\/wp-content\/uploads\/2025\/11\/Sanacija-betona-26_result.webp 1000w, https:\/\/villaelenazaton.com\/wp-content\/uploads\/2025\/11\/Sanacija-betona-26_result-300x300.webp 300w, https:\/\/villaelenazaton.com\/wp-content\/uploads\/2025\/11\/Sanacija-betona-26_result-150x150.webp 150w, https:\/\/villaelenazaton.com\/wp-content\/uploads\/2025\/11\/Sanacija-betona-26_result-768x768.webp 768w\" sizes=\"(max-width: 1000px) 100vw, 1000px\" \/>\t\t\t\t\t\t\t\t\t\t\t\t\t\t\t<\/div>\n\t\t\t\t\t<\/div>\n\t\t<\/div>\n\t\t\t\t\t<\/div>\n\t\t<\/section>\n\t\t\t\t<\/div>","protected":false},"excerpt":{"rendered":"<p>O nama Naslovna &gt; O nama 0 + Godina iskustva Kako je sve po\u010delo Na\u0161a pri\u010da Sve je krenulo iz jednostavne ideje \u2013 stvoriti mjesto gdje se ljudi mogu iskreno odmoriti, opustiti i u\u017eivati u miru koji nudi Zaton. Kao obitelj koja je odrasla uz more i provela \u017eivot na Dalmatinskoj obali, oduvijek smo znali [&hellip;]<\/p>","protected":false},"author":1,"featured_media":0,"parent":0,"menu_order":0,"comment_status":"closed","ping_status":"closed","template":"elementor_header_footer","meta":{"footnotes":""},"class_list":["post-98","page","type-page","status-publish","hentry"],"_hostinger_reach_plugin_has_subscription_block":false,"_hostinger_reach_plugin_is_elementor":false,"_links":{"self":[{"href":"https:\/\/villaelenazaton.com\/de\/wp-json\/wp\/v2\/pages\/98","targetHints":{"allow":["GET"]}}],"collection":[{"href":"https:\/\/villaelenazaton.com\/de\/wp-json\/wp\/v2\/pages"}],"about":[{"href":"https:\/\/villaelenazaton.com\/de\/wp-json\/wp\/v2\/types\/page"}],"author":[{"embeddable":true,"href":"https:\/\/villaelenazaton.com\/de\/wp-json\/wp\/v2\/users\/1"}],"replies":[{"embeddable":true,"href":"https:\/\/villaelenazaton.com\/de\/wp-json\/wp\/v2\/comments?post=98"}],"version-history":[{"count":73,"href":"https:\/\/villaelenazaton.com\/de\/wp-json\/wp\/v2\/pages\/98\/revisions"}],"predecessor-version":[{"id":876,"href":"https:\/\/villaelenazaton.com\/de\/wp-json\/wp\/v2\/pages\/98\/revisions\/876"}],"wp:attachment":[{"href":"https:\/\/villaelenazaton.com\/de\/wp-json\/wp\/v2\/media?parent=98"}],"curies":[{"name":"wp","href":"https:\/\/api.w.org\/{rel}","templated":true}]}}